{"id":1128,"date":"2016-09-06T20:07:52","date_gmt":"2016-09-06T19:07:52","guid":{"rendered":"https:\/\/dynamotheatre.qc.ca\/en\/?page_id=1128"},"modified":"2026-03-23T16:17:53","modified_gmt":"2026-03-23T20:17:53","slug":"publications","status":"publish","type":"page","link":"https:\/\/dynamotheatre.qc.ca\/en\/publications\/","title":{"rendered":"Publications"},"content":{"rendered":"<div id=\"cs-content\" class=\"cs-content\"><\/div>\n","protected":false},"excerpt":{"rendered":"<p>Publications &#8211; in French Publications Une exploration du jeu clownesque ou les vertus de l\u2019\u00e9chec 30 ans : 30 mouvements DynamO Th\u00e9\u00e2tre, Th\u00e9\u00e2tre de mouvement acrobatique 2018 Cahier p\u00e9dagogique Une approche physique du jeu de l&#8217;acteur Livrets de cr\u00e9ation &#8211;\u00a0in French Livret de cr\u00e9ation du spectacle Livret de cr\u00e9ation du spectacle Livret de cr\u00e9ation du spectacle Livret de cr\u00e9ation du &#8230; <a href=\"https:\/\/dynamotheatre.qc.ca\/en\/publications\/\" class=\"more-link\">Read More<\/a><\/p>\n","protected":false},"author":1,"featured_media":0,"parent":0,"menu_order":0,"comment_status":"closed","ping_status":"closed","template":"template-blank-4.php","meta":{"footnotes":""},"class_list":["post-1128","page","type-page","status-publish","hentry","no-post-thumbnail"],"_links":{"self":[{"href":"https:\/\/dynamotheatre.qc.ca\/en\/wp-json\/wp\/v2\/pages\/1128","targetHints":{"allow":["GET"]}}],"collection":[{"href":"https:\/\/dynamotheatre.qc.ca\/en\/wp-json\/wp\/v2\/pages"}],"about":[{"href":"https:\/\/dynamotheatre.qc.ca\/en\/wp-json\/wp\/v2\/types\/page"}],"author":[{"embeddable":true,"href":"https:\/\/dynamotheatre.qc.ca\/en\/wp-json\/wp\/v2\/users\/1"}],"replies":[{"embeddable":true,"href":"https:\/\/dynamotheatre.qc.ca\/en\/wp-json\/wp\/v2\/comments?post=1128"}],"version-history":[{"count":2,"href":"https:\/\/dynamotheatre.qc.ca\/en\/wp-json\/wp\/v2\/pages\/1128\/revisions"}],"predecessor-version":[{"id":8484,"href":"https:\/\/dynamotheatre.qc.ca\/en\/wp-json\/wp\/v2\/pages\/1128\/revisions\/8484"}],"wp:attachment":[{"href":"https:\/\/dynamotheatre.qc.ca\/en\/wp-json\/wp\/v2\/media?parent=1128"}],"curies":[{"name":"wp","href":"https:\/\/api.w.org\/{rel}","templated":true}]}}