{"id":1215,"date":"2016-09-07T19:14:53","date_gmt":"2016-09-07T18:14:53","guid":{"rendered":"https:\/\/dynamotheatre.qc.ca\/en\/?page_id=1215"},"modified":"2025-11-06T10:14:01","modified_gmt":"2025-11-06T14:14:01","slug":"newsletter","status":"publish","type":"page","link":"https:\/\/dynamotheatre.qc.ca\/en\/newsletter\/","title":{"rendered":"Newsletter"},"content":{"rendered":"<div id=\"cs-content\" class=\"cs-content\"><\/div>\n","protected":false},"excerpt":{"rendered":"<p>Newsletter Our latest newsletters october 2025 Infolettre # 47 En avant pour une 45e SAISON! june 2025 Infolettre # 46 D\u00e9j\u00e0 une autre saison de termin\u00e9e&#8230; DECEMBER 2024 Point Fixe # 41 La coproduction Registration Form Subscribe now to receive our latest news, press releases, and Point Fixe * Mandatory fields Email *First Name *Last Name *Company \/* real people &#8230; <a href=\"https:\/\/dynamotheatre.qc.ca\/en\/newsletter\/\" class=\"more-link\">Read More<\/a><\/p>\n","protected":false},"author":1,"featured_media":0,"parent":0,"menu_order":0,"comment_status":"closed","ping_status":"closed","template":"template-blank-4.php","meta":{"footnotes":""},"class_list":["post-1215","page","type-page","status-publish","hentry","no-post-thumbnail"],"_links":{"self":[{"href":"https:\/\/dynamotheatre.qc.ca\/en\/wp-json\/wp\/v2\/pages\/1215","targetHints":{"allow":["GET"]}}],"collection":[{"href":"https:\/\/dynamotheatre.qc.ca\/en\/wp-json\/wp\/v2\/pages"}],"about":[{"href":"https:\/\/dynamotheatre.qc.ca\/en\/wp-json\/wp\/v2\/types\/page"}],"author":[{"embeddable":true,"href":"https:\/\/dynamotheatre.qc.ca\/en\/wp-json\/wp\/v2\/users\/1"}],"replies":[{"embeddable":true,"href":"https:\/\/dynamotheatre.qc.ca\/en\/wp-json\/wp\/v2\/comments?post=1215"}],"version-history":[{"count":2,"href":"https:\/\/dynamotheatre.qc.ca\/en\/wp-json\/wp\/v2\/pages\/1215\/revisions"}],"predecessor-version":[{"id":8290,"href":"https:\/\/dynamotheatre.qc.ca\/en\/wp-json\/wp\/v2\/pages\/1215\/revisions\/8290"}],"wp:attachment":[{"href":"https:\/\/dynamotheatre.qc.ca\/en\/wp-json\/wp\/v2\/media?parent=1215"}],"curies":[{"name":"wp","href":"https:\/\/api.w.org\/{rel}","templated":true}]}}