{"id":6411,"date":"2021-11-18T15:39:45","date_gmt":"2021-11-18T19:39:45","guid":{"rendered":"https:\/\/dynamotheatre.qc.ca\/historique\/"},"modified":"2025-10-28T09:50:39","modified_gmt":"2025-10-28T13:50:39","slug":"history","status":"publish","type":"page","link":"https:\/\/dynamotheatre.qc.ca\/en\/history\/","title":{"rendered":"History"},"content":{"rendered":"<div id=\"cs-content\" class=\"cs-content\"><\/div>\n","protected":false},"excerpt":{"rendered":"<p>Company History Cr\u00e9er une nouvelle forme th\u00e9\u00e2trale Au d\u00e9but des ann\u00e9es 80, Montr\u00e9al est au c\u0153ur d\u2019une vaste mouvance de red\u00e9couverte du langage du corps dans les arts de la sc\u00e8ne. Et en 1981, un premier groupe d\u2019artistes venu\u00b7es d\u2019horizons divers \u2013 de la gymnastique, du th\u00e9\u00e2tre, de la jonglerie, du mime et du clown \u2013 met sur pied une &#8230; <a href=\"https:\/\/dynamotheatre.qc.ca\/en\/history\/\" class=\"more-link\">Read More<\/a><\/p>\n","protected":false},"author":1,"featured_media":0,"parent":0,"menu_order":0,"comment_status":"closed","ping_status":"closed","template":"template-blank-4.php","meta":{"footnotes":""},"class_list":["post-6411","page","type-page","status-publish","hentry","no-post-thumbnail"],"_links":{"self":[{"href":"https:\/\/dynamotheatre.qc.ca\/en\/wp-json\/wp\/v2\/pages\/6411","targetHints":{"allow":["GET"]}}],"collection":[{"href":"https:\/\/dynamotheatre.qc.ca\/en\/wp-json\/wp\/v2\/pages"}],"about":[{"href":"https:\/\/dynamotheatre.qc.ca\/en\/wp-json\/wp\/v2\/types\/page"}],"author":[{"embeddable":true,"href":"https:\/\/dynamotheatre.qc.ca\/en\/wp-json\/wp\/v2\/users\/1"}],"replies":[{"embeddable":true,"href":"https:\/\/dynamotheatre.qc.ca\/en\/wp-json\/wp\/v2\/comments?post=6411"}],"version-history":[{"count":2,"href":"https:\/\/dynamotheatre.qc.ca\/en\/wp-json\/wp\/v2\/pages\/6411\/revisions"}],"predecessor-version":[{"id":8270,"href":"https:\/\/dynamotheatre.qc.ca\/en\/wp-json\/wp\/v2\/pages\/6411\/revisions\/8270"}],"wp:attachment":[{"href":"https:\/\/dynamotheatre.qc.ca\/en\/wp-json\/wp\/v2\/media?parent=6411"}],"curies":[{"name":"wp","href":"https:\/\/api.w.org\/{rel}","templated":true}]}}