{"id":7997,"date":"2025-10-15T10:14:38","date_gmt":"2025-10-15T14:14:38","guid":{"rendered":"https:\/\/dynamotheatre.qc.ca\/?page_id=7997"},"modified":"2026-03-25T16:51:27","modified_gmt":"2026-03-25T20:51:27","slug":"team","status":"publish","type":"page","link":"https:\/\/dynamotheatre.qc.ca\/en\/team\/","title":{"rendered":"Team"},"content":{"rendered":"<div id=\"cs-content\" class=\"cs-content\"><\/div>\n","protected":false},"excerpt":{"rendered":"<p>Company photo : Ga\u00ebl Della Valle photo : Ga\u00ebl Della Valle Our Team If you want to write to one specific team member, please replace the asterisk (*) with the &#8220;at&#8221; symbol (@) in the address. photo: Ga\u00ebl Della Valle General Manager Chlo\u00e9 Besner cbesner*dynamotheatre.qc.ca photo: Ga\u00ebl Della Valle Coartistic Director Andr\u00e9anne Joubert ajoubert*dynamotheatre.qc.ca photo: Ga\u00ebl Della Valle Coartistic Director &#8230; <a href=\"https:\/\/dynamotheatre.qc.ca\/en\/team\/\" class=\"more-link\">Read More<\/a><\/p>\n","protected":false},"author":1,"featured_media":0,"parent":0,"menu_order":0,"comment_status":"closed","ping_status":"closed","template":"template-blank-4.php","meta":{"footnotes":""},"class_list":["post-7997","page","type-page","status-publish","hentry","no-post-thumbnail"],"_links":{"self":[{"href":"https:\/\/dynamotheatre.qc.ca\/en\/wp-json\/wp\/v2\/pages\/7997","targetHints":{"allow":["GET"]}}],"collection":[{"href":"https:\/\/dynamotheatre.qc.ca\/en\/wp-json\/wp\/v2\/pages"}],"about":[{"href":"https:\/\/dynamotheatre.qc.ca\/en\/wp-json\/wp\/v2\/types\/page"}],"author":[{"embeddable":true,"href":"https:\/\/dynamotheatre.qc.ca\/en\/wp-json\/wp\/v2\/users\/1"}],"replies":[{"embeddable":true,"href":"https:\/\/dynamotheatre.qc.ca\/en\/wp-json\/wp\/v2\/comments?post=7997"}],"version-history":[{"count":2,"href":"https:\/\/dynamotheatre.qc.ca\/en\/wp-json\/wp\/v2\/pages\/7997\/revisions"}],"predecessor-version":[{"id":8495,"href":"https:\/\/dynamotheatre.qc.ca\/en\/wp-json\/wp\/v2\/pages\/7997\/revisions\/8495"}],"wp:attachment":[{"href":"https:\/\/dynamotheatre.qc.ca\/en\/wp-json\/wp\/v2\/media?parent=7997"}],"curies":[{"name":"wp","href":"https:\/\/api.w.org\/{rel}","templated":true}]}}